{"id":565,"date":"2026-01-10T19:59:56","date_gmt":"2026-01-11T00:59:56","guid":{"rendered":"https:\/\/chefportfolio.ca\/faq\/"},"modified":"2026-01-31T14:45:36","modified_gmt":"2026-01-31T19:45:36","slug":"faq","status":"publish","type":"page","link":"https:\/\/chefportfolio.ca\/fr\/faq\/","title":{"rendered":"FAQ"},"content":{"rendered":"<div class=\"wpb-content-wrapper\"><div class=\"vc_row wpb_row vc_row-fluid\"><div class=\"wpb_column vc_column_container vc_col-sm-12\"><div class=\"vc_column-inner\"><div class=\"wpb_wrapper\"><div class=\"vc_tta-container\" data-vc-action=\"collapse\"><div class=\"vc_general vc_tta vc_tta-accordion vc_tta-color-grey vc_tta-style-classic vc_tta-shape-rounded vc_tta-o-shape-group vc_tta-controls-align-default  wpj-jp-faq-wrp\"><div class=\"vc_tta-panels-container\"><div class=\"vc_tta-panels\"><div class=\"vc_tta-panel vc_active wpj-jp-faq-item\" id=\"1607951130596-88b25e02-157b\" data-vc-content=\".vc_tta-panel-body\"><div class=\"vc_tta-panel-heading\"><h4 class=\"vc_tta-panel-title vc_tta-controls-icon-position-left\"><a href=\"#1607951130596-88b25e02-157b\" data-vc-accordion data-vc-container=\".vc_tta-container\"><span class=\"vc_tta-title-text\">Qu'est-ce que le portefeuille de chef Canada ?<\/span><i class=\"vc_tta-controls-icon vc_tta-controls-icon-plus\"><\/i><\/a><\/h4><\/div><div class=\"vc_tta-panel-body\">\n\t<div class=\"wpb_text_column wpb_content_element\" >\n\t\t<div class=\"wpb_wrapper\">\n\t\t\t<p>Chef Portfolio Canada est une plateforme de recherche d'emploi canadienne qui vous permet d'explorer les offres d'emploi de tout le pays.<\/p>\n\n\t\t<\/div>\n\t<\/div>\n<\/div><\/div><div class=\"vc_tta-panel wpj-jp-faq-item\" id=\"1607951220884-2db479be-60ff\" data-vc-content=\".vc_tta-panel-body\"><div class=\"vc_tta-panel-heading\"><h4 class=\"vc_tta-panel-title vc_tta-controls-icon-position-left\"><a href=\"#1607951220884-2db479be-60ff\" data-vc-accordion data-vc-container=\".vc_tta-container\"><span class=\"vc_tta-title-text\">Comment utiliser le Portfolio de Chef Canada pour trouver un emploi ?<\/span><i class=\"vc_tta-controls-icon vc_tta-controls-icon-plus\"><\/i><\/a><\/h4><\/div><div class=\"vc_tta-panel-body\">\n\t<div class=\"wpb_text_column wpb_content_element\" >\n\t\t<div class=\"wpb_wrapper\">\n\t\t\t<p>Vous n'avez qu'\u00e0 entrer le titre de l'emploi, le mot-cl\u00e9 ou l'entreprise qui vous int\u00e9resse, ainsi que votre lieu de travail pr\u00e9f\u00e9r\u00e9, et Chef Portfolio Canada produira pour vous une liste d'offres d'emploi pertinentes.<\/p>\n\n\t\t<\/div>\n\t<\/div>\n<\/div><\/div><div class=\"vc_tta-panel wpj-jp-faq-item\" id=\"1607951219563-3b45a760-05c4\" data-vc-content=\".vc_tta-panel-body\"><div class=\"vc_tta-panel-heading\"><h4 class=\"vc_tta-panel-title vc_tta-controls-icon-position-left\"><a href=\"#1607951219563-3b45a760-05c4\" data-vc-accordion data-vc-container=\".vc_tta-container\"><span class=\"vc_tta-title-text\">L'utilisation de Chef Portfolio Canada est-elle gratuite pour les chercheurs d'emploi ?<\/span><i class=\"vc_tta-controls-icon vc_tta-controls-icon-plus\"><\/i><\/a><\/h4><\/div><div class=\"vc_tta-panel-body\">\n\t<div class=\"wpb_text_column wpb_content_element\" >\n\t\t<div class=\"wpb_wrapper\">\n\t\t\t<p>Oui, Chef Portfolio Canada est enti\u00e8rement gratuit pour les demandeurs d'emploi.<\/p>\n\n\t\t<\/div>\n\t<\/div>\n<\/div><\/div><div class=\"vc_tta-panel wpj-jp-faq-item\" id=\"1607951218665-3ded33fe-07ba\" data-vc-content=\".vc_tta-panel-body\"><div class=\"vc_tta-panel-heading\"><h4 class=\"vc_tta-panel-title vc_tta-controls-icon-position-left\"><a href=\"#1607951218665-3ded33fe-07ba\" data-vc-accordion data-vc-container=\".vc_tta-container\"><span class=\"vc_tta-title-text\">Dois-je ouvrir un compte pour utiliser Chef Portfolio Canada ?<\/span><i class=\"vc_tta-controls-icon vc_tta-controls-icon-plus\"><\/i><\/a><\/h4><\/div><div class=\"vc_tta-panel-body\">\n\t<div class=\"wpb_text_column wpb_content_element\" >\n\t\t<div class=\"wpb_wrapper\">\n\t\t\t<p>Non, il n'est pas n\u00e9cessaire de cr\u00e9er un compte. Toutefois, si vous le souhaitez, vous pouvez sauvegarder vos recherches d'emploi et mettre en place des alertes. En outre, le fait d'avoir un compte vous permet, entre autres avantages, de t\u00e9l\u00e9charger votre curriculum vitae pour acc\u00e9l\u00e9rer les candidatures. L'inscription est totalement gratuite.<\/p>\n\n\t\t<\/div>\n\t<\/div>\n<\/div><\/div><div class=\"vc_tta-panel wpj-jp-faq-item\" id=\"1607951217730-cfcd0f42-e20f\" data-vc-content=\".vc_tta-panel-body\"><div class=\"vc_tta-panel-heading\"><h4 class=\"vc_tta-panel-title vc_tta-controls-icon-position-left\"><a href=\"#1607951217730-cfcd0f42-e20f\" data-vc-accordion data-vc-container=\".vc_tta-container\"><span class=\"vc_tta-title-text\">Pourquoi n'ai-je aucun r\u00e9sultat lorsque je recherche un emploi ?<\/span><i class=\"vc_tta-controls-icon vc_tta-controls-icon-plus\"><\/i><\/a><\/h4><\/div><div class=\"vc_tta-panel-body\">\n\t<div class=\"wpb_text_column wpb_content_element\" >\n\t\t<div class=\"wpb_wrapper\">\n\t\t\t<p>Il peut y avoir plusieurs raisons \u00e0 cela, comme le fait que le poste que vous recherchez n'est pas disponible \u00e0 l'endroit de votre choix, ou que l'offre d'emploi a expir\u00e9. Pensez \u00e0 affiner vos filtres de recherche ou \u00e0 actualiser vos mots-cl\u00e9s pour obtenir davantage de r\u00e9sultats.<\/p>\n\n\t\t<\/div>\n\t<\/div>\n<\/div><\/div><div class=\"vc_tta-panel wpj-jp-faq-item\" id=\"1607951216882-7e2f71dd-8b45\" data-vc-content=\".vc_tta-panel-body\"><div class=\"vc_tta-panel-heading\"><h4 class=\"vc_tta-panel-title vc_tta-controls-icon-position-left\"><a href=\"#1607951216882-7e2f71dd-8b45\" data-vc-accordion data-vc-container=\".vc_tta-container\"><span class=\"vc_tta-title-text\">Puis-je postuler directement \u00e0 des emplois aupr\u00e8s de Chef Portfolio Canada ?<\/span><i class=\"vc_tta-controls-icon vc_tta-controls-icon-plus\"><\/i><\/a><\/h4><\/div><div class=\"vc_tta-panel-body\">\n\t<div class=\"wpb_text_column wpb_content_element\" >\n\t\t<div class=\"wpb_wrapper\">\n\t\t\t<p>Oui, toutes les offres d'emploi figurant sur notre site web sont publi\u00e9es directement par les employeurs, \u00e0 moins que le processus de candidature ne vous oblige \u00e0 postuler sur leur propre site web.<\/p>\n\n\t\t<\/div>\n\t<\/div>\n<\/div><\/div><div class=\"vc_tta-panel wpj-jp-faq-item\" id=\"1607951215858-83a26644-c79c\" data-vc-content=\".vc_tta-panel-body\"><div class=\"vc_tta-panel-heading\"><h4 class=\"vc_tta-panel-title vc_tta-controls-icon-position-left\"><a href=\"#1607951215858-83a26644-c79c\" data-vc-accordion data-vc-container=\".vc_tta-container\"><span class=\"vc_tta-title-text\">Est-il possible d'afficher un emploi gratuitement sur le site Web de Chef Portfolio Canada ?<\/span><i class=\"vc_tta-controls-icon vc_tta-controls-icon-plus\"><\/i><\/a><\/h4><\/div><div class=\"vc_tta-panel-body\">\n\t<div class=\"wpb_text_column wpb_content_element\" >\n\t\t<div class=\"wpb_wrapper\">\n\t\t\t<p>Oui, nous proposons une offre d'emploi gratuite de 15 jours \u00e0 tous les nouveaux employeurs. Nous proposons \u00e9galement des formules payantes \u201cstandard\u201d, \u201cvedette\u201d et \u201centreprise\u201d pour une plus grande flexibilit\u00e9, qui sont r\u00e9pertori\u00e9es sur notre site web. <strong>Tarification<\/strong> page.<\/p>\n\n\t\t<\/div>\n\t<\/div>\n<\/div><\/div><\/div><\/div><\/div><\/div><\/div><\/div><\/div><\/div>\n<\/div>","protected":false},"excerpt":{"rendered":"What is Chef Portfolio Canada Chef Portfolio Canada is a Canadian job search platform that enables you to explore job listings from all over the country. How do I use Chef Portfolio Canada to find a job? Just input the job title, keyword, or company you are interested in, along with your preferred location, and [...]","protected":false},"author":1,"featured_media":0,"parent":0,"menu_order":0,"comment_status":"closed","ping_status":"closed","template":"","meta":{"advanced_seo_description":"","jetpack_seo_html_title":"","jetpack_seo_noindex":false,"footnotes":""},"class_list":["post-565","page","type-page","status-publish","hentry"],"jetpack_sharing_enabled":true,"jetpack_likes_enabled":true,"jetpack-related-posts":[],"jetpack_shortlink":"https:\/\/wp.me\/PbHTs6-97","_links":{"self":[{"href":"https:\/\/chefportfolio.ca\/fr\/wp-json\/wp\/v2\/pages\/565","targetHints":{"allow":["GET"]}}],"collection":[{"href":"https:\/\/chefportfolio.ca\/fr\/wp-json\/wp\/v2\/pages"}],"about":[{"href":"https:\/\/chefportfolio.ca\/fr\/wp-json\/wp\/v2\/types\/page"}],"author":[{"embeddable":true,"href":"https:\/\/chefportfolio.ca\/fr\/wp-json\/wp\/v2\/users\/1"}],"replies":[{"embeddable":true,"href":"https:\/\/chefportfolio.ca\/fr\/wp-json\/wp\/v2\/comments?post=565"}],"version-history":[{"count":12,"href":"https:\/\/chefportfolio.ca\/fr\/wp-json\/wp\/v2\/pages\/565\/revisions"}],"predecessor-version":[{"id":1001,"href":"https:\/\/chefportfolio.ca\/fr\/wp-json\/wp\/v2\/pages\/565\/revisions\/1001"}],"wp:attachment":[{"href":"https:\/\/chefportfolio.ca\/fr\/wp-json\/wp\/v2\/media?parent=565"}],"curies":[{"name":"wp","href":"https:\/\/api.w.org\/{rel}","templated":true}]}}