{"id":562,"date":"2026-01-10T19:59:56","date_gmt":"2026-01-11T00:59:56","guid":{"rendered":"https:\/\/chefportfolio.ca\/home\/"},"modified":"2026-01-31T16:02:56","modified_gmt":"2026-01-31T21:02:56","slug":"home","status":"publish","type":"page","link":"https:\/\/chefportfolio.ca\/fr\/","title":{"rendered":"Accueil"},"content":{"rendered":"<div class=\"wpb-content-wrapper\"><div data-vc-full-width=\"true\" data-vc-full-width-temp=\"true\" data-vc-full-width-init=\"false\" data-vc-stretch-content=\"true\" class=\"vc_row wpb_row vc_row-fluid vc_row-o-content-middle vc_row-flex\"><div class=\"wpb_column vc_column_container vc_col-sm-12\"><div class=\"vc_column-inner\"><div class=\"wpb_wrapper\"><div class=\"wpj-jp-hp-header-wrap style1\" style=\"background-image:url('https:\/\/i0.wp.com\/chefportfolio.ca\/wp-content\/uploads\/2026\/01\/chefs-eye-view1-scaled.jpg?fit=2560%2C1706&#038;ssl=1');\">\n            <div class=\"container\">\n                <div class=\"row\">\n                    <div class=\"col-md-8 p-0 offset-md-2\">\n                        <div class=\"wpj-jp-job-search-mod\">\n                            <p class=\"wpj-jp-sub-heading\"><\/p>\n                            <h1 class=\"wpj-jp-heading\">Bienvenue \u00e0 Chef Portfolio Canada<\/h1>\n                            <p class=\"wpj-jp-desc\">Une plateforme d'information sur les carri\u00e8res et les offres d'emploi dans le domaine culinaire pour les Canadiens<\/p>\n                            <div class=\"wpj-jp-search-wrp\">\n                                <form id=\"job_form\" method=\"post\" action=\"https:\/\/chefportfolio.ca\/fr\/newest-jobs-2\/jobs\/\" data-trp-original-action=\"https:\/\/chefportfolio.ca\/fr\/newest-jobs-2\/jobs\" >\n                                    <div class=\"form-row\">\n                                        <div class=\"col\"> <i class=\"fas fa-briefcase\"><\/i><input type=\"text\" name=\"jobtitle\" id=\"jobtitle\"\n        value=\"\"  class=\"inputbox form-control\" placeholder=\"Titre du poste\" maxlength=\"255\"  \/><\/div>\n                                        <div class=\"col\"> <i class=\"fas fa-map-marker-alt\"><\/i><input type=\"text\" name=\"city\" id=\"city\"\n        value=\"\"  class=\"inputbox form-control\" placeholder=\"Ville\" maxlength=\"255\"  \/><\/div>\n                                    <\/div>\n                                    <div class=\"form-row\">\n                                        <div class=\"col\">\n                                            <button type=\"submit\" class=\"wpj-jp-solid-btn\" onclick=\"this.form.submit();\">\n                                                <i class=\"fas fa-search\" aria-hidden=\"true\"><\/i>\n                                                Recherche d'emploi\n                                            <\/button>\n                                            <a title=\"advance search\" href=\"https:\/\/chefportfolio.ca\/fr\/newest-jobs-2\/job-search\" class=\"wpj-jp-outline-btn\">\n                                                <i class=\"fab fa-searchengin\" aria-hidden=\"true\"><\/i>\n                                                Advanced Search\n                                            <\/a>\n                                        <\/div>\n                                    <\/div>\n                                <input type=\"hidden\" name=\"trp-form-language\" value=\"fr\"\/><\/form>\n                            <\/div>\n                            <div class=\"wpj-jp-hp-srch-catg-wrp\" >\n                                Browse Jobs:<a title=\"H\u00f4tels\" href=\"https:\/\/chefportfolio.ca\/fr\/newest-jobs-2\/jobs\/hotels_10239\" class=\"wpj-jp-hp-catg\">\n                                            H\u00f4tels\n                                        <\/a><a title=\"Restaurants\" href=\"https:\/\/chefportfolio.ca\/fr\/newest-jobs-2\/jobs\/restaurants_10240\" class=\"wpj-jp-hp-catg\">\n                                            Restaurants\n                                        <\/a><a title=\"Restauration\" href=\"https:\/\/chefportfolio.ca\/fr\/newest-jobs-2\/jobs\/catering_10243\" class=\"wpj-jp-hp-catg\">\n                                            Restauration\n                                        <\/a><a title=\"Caf\u00e9s\/Bistros\" href=\"https:\/\/chefportfolio.ca\/fr\/newest-jobs-2\/jobs\/cafes-bistros_10241\" class=\"wpj-jp-hp-catg\">\n                                            Caf\u00e9s\/Bistros\n                                        <\/a><\/div>\n                        <\/div>\n                    <\/div>\n                <\/div>\n            <\/div>\n        <\/div><\/div><\/div><\/div><\/div><div class=\"vc_row-full-width vc_clearfix\"><\/div><div class=\"vc_row wpb_row vc_row-fluid\"><div class=\"wpb_column vc_column_container vc_col-sm-12\"><div class=\"vc_column-inner\"><div class=\"wpb_wrapper\"><div class=\"wpj-jp-hp-features-mod wpj-jp-hp-sec-padd style1\">\n        <div class=\"container\">\n            <div class=\"row\">\n                <div class=\"col-md-12\"><div class=\"wpj-jp-hp-sec-head\">\n                            <p class=\"wpj-jp-hp-subhead\">Commen\u00e7ons ! C'est simple et facile...<\/p>\n                            <h2 class=\"wpj-jp-hp-head\">Votre profession est tr\u00e8s demand\u00e9e !<\/h2>\n                            <p class=\"wpj-jp-hp-desc\">Cr\u00e9ez un compte en quelques \u00e9tapes et postulez \u00e0 un emploi qui vous convient.<\/p>\n                        <\/div>\n                <\/div>\n            <\/div>\n            <div class=\"row wpj-jp-hp-features\">\n                <div class=\"col-md-4\">\n                    <div class=\"wpj-jp-hp-features-item\">\n                        <div class=\"wpj-jp-hp-features-icon\">\n                            <img data-recalc-dims=\"1\" decoding=\"async\" src=\"https:\/\/i0.wp.com\/chefportfolio.ca\/wp-content\/themes\/job-portal-theme\/images\/home-page\/feature-icon1.png?w=1170&#038;ssl=1\" class=\"img-fluid\" alt=\"feature image\" \/>\n                        <\/div>                      \n                        <h5 class=\"wpj-jp-hp-features-heading\">Cr\u00e9ez votre compte<\/h5>\n                        <div class=\"wpj-jp-hp-features-desc\">Remplissez un formulaire rapide et inscrivez-vous pour b\u00e9n\u00e9ficier d'opportunit\u00e9s passionnantes.<\/div>\n                        <a href=\"https:\/\/chefportfolio.ca\/fr\/jobseeker-registration\/\" class=\"wpj-jp-solid-btn\">\n                            <i class=\"\"><\/i>\n                            Cr\u00e9er un compte\n                        <\/a>\n                    <\/div>\n                <\/div>\n                <div class=\"col-md-4\">\n                    <div class=\"wpj-jp-hp-features-item active\">\n                        <div class=\"wpj-jp-hp-features-icon\">\n                            <img data-recalc-dims=\"1\" decoding=\"async\" src=\"https:\/\/i0.wp.com\/chefportfolio.ca\/wp-content\/themes\/job-portal-theme\/images\/home-page\/feature-icon2.png?w=1170&#038;ssl=1\" class=\"img-fluid\" alt=\"feature image\" \/>\n                        <\/div>                      \n                        <h5 class=\"wpj-jp-hp-features-heading\">Votre recherche d'emploi<\/h5>\n                        <div class=\"wpj-jp-hp-features-desc\">Trouvez l'emploi de vos r\u00eaves : d\u00e9couvrez l'emploi qui correspond parfaitement \u00e0 vos comp\u00e9tences et \u00e0 votre passion !<\/div>\n                        <a href=\"https:\/\/chefportfolio.ca\/fr\/search-job\/\" class=\"wpj-jp-solid-btn\">\n                            <i class=\"\"><\/i>\n                            Recherche d'emploi\n                        <\/a>\n                    <\/div>\n                <\/div>\n                <div class=\"col-md-4\">\n                    <div class=\"wpj-jp-hp-features-item\">\n                        <div class=\"wpj-jp-hp-features-icon\">\n                            <img data-recalc-dims=\"1\" decoding=\"async\" src=\"https:\/\/i0.wp.com\/chefportfolio.ca\/wp-content\/themes\/job-portal-theme\/images\/home-page\/feature-icon3.png?w=1170&#038;ssl=1\" class=\"img-fluid\" alt=\"feature image\" \/>\n                        <\/div>                      \n                        <h5 class=\"wpj-jp-hp-features-heading\">Ajouter votre CV<\/h5>\n                        <div class=\"wpj-jp-hp-features-desc\">Lib\u00e9rez votre potentiel : Concevoir un portefeuille et un curriculum vitae remarquables pour les opportunit\u00e9s futures<\/div>\n                        <a href=\"https:\/\/chefportfolio.ca\/fr\/add-resume-2\/\" class=\"wpj-jp-solid-btn\">\n                            <i class=\"\"><\/i>\n                            Saisir le curriculum vitae\n                        <\/a>\n                    <\/div>\n                <\/div>\n            <\/div>\n        <\/div>\n    <\/div><\/div><\/div><\/div><\/div><div class=\"vc_row wpb_row vc_row-fluid\"><div class=\"wpb_column vc_column_container vc_col-sm-12\"><div class=\"vc_column-inner\"><div class=\"wpb_wrapper\"><div class=\"wpj-jp-hp-popular-area-mod style1 wpj-jp-primary-overlay\" style=\"background-image:url('https:\/\/i0.wp.com\/chefportfolio.ca\/wp-content\/uploads\/2026\/01\/bryony-elena-HlQzyr_TgWI-unsplash-scaled.jpg?fit=2560%2C1590&#038;ssl=1');\"><div class=\"wpj-jp-hp-popular-left\">\n                <img decoding=\"async\" src=\"https:\/\/i0.wp.com\/chefportfolio.ca\/wp-content\/uploads\/2026\/01\/lucas-law-KDVGz-qnHfc-unsplash-scaled.jpg?fit=2560%2C1501&#038;ssl=1\" alt=\"popular image\" class=\"wpj-jp-hp-popular-image img-fluid\" \/>\n              <\/div>\n              <div class=\"wpj-jp-hp-popular-right\">\n                <div class=\"wpj-jp-hp-popular-cnt\">\n                    <div class=\"wpj-jp-hp-sec-head\">\n                        <p class=\"wpj-jp-hp-subhead\"><\/p>\n                        <h2 class=\"wpj-jp-hp-head\">Cr\u00e9ez votre portfolio de chef d\u00e8s aujourd'hui !<\/h2>\n                        <p class=\"wpj-jp-hp-desc\"><\/p>\n                    <\/div>  \n                    <div class=\"wpj-jp-hp-popular-item-wrp\">\n                        <div class=\"wpj-jp-hp-popular-item\">\n                            <div class=\"wpj-jp-hp-popular-icon\">\n                                <i class=\"fa fa-solid fa-angles-right\"><\/i>\n                            <\/div>                      \n                            <div class=\"wpj-jp-hp-popular-heading\">Registre<\/div>\n                        <\/div>\n                        <div class=\"wpj-jp-hp-popular-item\">\n                            <div class=\"wpj-jp-hp-popular-icon\">\n                                <i class=\"\"><\/i>\n                            <\/div>                      \n                            <div class=\"wpj-jp-hp-popular-heading\">Ajouter un CV<\/div>\n                        <\/div>\n                        <div class=\"wpj-jp-hp-popular-item\">\n                            <div class=\"wpj-jp-hp-popular-icon\">\n                                <i class=\"\"><\/i>\n                            <\/div>                      \n                            <div class=\"wpj-jp-hp-popular-heading\">Appliquer<\/div>\n                        <\/div>\n                        <img data-recalc-dims=\"1\" decoding=\"async\" src=\"https:\/\/i0.wp.com\/chefportfolio.ca\/wp-content\/themes\/job-portal-theme\/images\/home-page\/dot-line.png?w=1170&#038;ssl=1\" class=\"wpj-jp-hp-bg-shape1\" alt=\"dot shape\" \/>\n                    <\/div>\n                <\/div>\n              <\/div>\n    <\/div><\/div><\/div><\/div><\/div><div class=\"vc_row wpb_row vc_row-fluid\"><div class=\"wpb_column vc_column_container vc_col-sm-12\"><div class=\"vc_column-inner\"><div class=\"wpb_wrapper\"><\/div><\/div><\/div><\/div>\n<\/div>","protected":false},"excerpt":{"rendered":"Let\u2019s Get Started! It\u2019s Simple and Easy... Your Profession Is In High Demand! Create an account in a few steps and apply for a job that suits you. Create Your Acount Complete a quick form and register to unlock thrilling opportunities. Create Account Your Job Search Find your dream job: uncover the perfect match for [...]","protected":false},"author":1,"featured_media":0,"parent":0,"menu_order":0,"comment_status":"closed","ping_status":"closed","template":"templates\/template-homepage.php","meta":{"advanced_seo_description":"","jetpack_seo_html_title":"","jetpack_seo_noindex":false,"footnotes":""},"class_list":["post-562","page","type-page","status-publish","hentry"],"jetpack_sharing_enabled":true,"jetpack_likes_enabled":true,"jetpack-related-posts":[],"jetpack_shortlink":"https:\/\/wp.me\/PbHTs6-94","_links":{"self":[{"href":"https:\/\/chefportfolio.ca\/fr\/wp-json\/wp\/v2\/pages\/562","targetHints":{"allow":["GET"]}}],"collection":[{"href":"https:\/\/chefportfolio.ca\/fr\/wp-json\/wp\/v2\/pages"}],"about":[{"href":"https:\/\/chefportfolio.ca\/fr\/wp-json\/wp\/v2\/types\/page"}],"author":[{"embeddable":true,"href":"https:\/\/chefportfolio.ca\/fr\/wp-json\/wp\/v2\/users\/1"}],"replies":[{"embeddable":true,"href":"https:\/\/chefportfolio.ca\/fr\/wp-json\/wp\/v2\/comments?post=562"}],"version-history":[{"count":12,"href":"https:\/\/chefportfolio.ca\/fr\/wp-json\/wp\/v2\/pages\/562\/revisions"}],"predecessor-version":[{"id":1026,"href":"https:\/\/chefportfolio.ca\/fr\/wp-json\/wp\/v2\/pages\/562\/revisions\/1026"}],"wp:attachment":[{"href":"https:\/\/chefportfolio.ca\/fr\/wp-json\/wp\/v2\/media?parent=562"}],"curies":[{"name":"wp","href":"https:\/\/api.w.org\/{rel}","templated":true}]}}